{"id":14,"date":"2019-12-20T21:21:53","date_gmt":"2019-12-20T21:21:53","guid":{"rendered":"https:\/\/www.capricare.eu\/capricare-hu-hcp\/?page_id=14"},"modified":"2021-06-17T20:59:55","modified_gmt":"2021-06-17T20:59:55","slug":"termekeink","status":"publish","type":"page","link":"https:\/\/www.capricare.hu\/hcp\/termekeink\/","title":{"rendered":"Term\u00e9keink"},"content":{"rendered":"<!-- Added by Post\/Page Specific Custom Code plugin, thank you for using! -->\n<style>#product-1-hcp .nectar-button {width: 100%;text-align: center;margin-top:20px}\r\n#product-2-hcp .nectar-button {width: 100%;text-align: center;margin-top:20px}\r\n#product-3-hcp .nectar-button {width: 100%;text-align: center;margin-top:20px}<\/style>\n[vc_row type=&#8221;full_width_content&#8221; full_screen_row_position=&#8221;middle&#8221; column_margin=&#8221;default&#8221; scene_position=&#8221;center&#8221; text_color=&#8221;dark&#8221; text_align=&#8221;left&#8221; id=&#8221;bread-note&#8221; overlay_strength=&#8221;0.3&#8243; shape_divider_position=&#8221;bottom&#8221; bg_image_animation=&#8221;none&#8221; shape_type=&#8221;&#8221;][vc_column column_padding=&#8221;no-extra-padding&#8221; column_padding_position=&#8221;all&#8221; background_color_opacity=&#8221;1&#8243; background_hover_color_opacity=&#8221;1&#8243; column_link_target=&#8221;_self&#8221; column_shadow=&#8221;none&#8221; column_border_radius=&#8221;none&#8221; width=&#8221;1\/1&#8243; tablet_width_inherit=&#8221;default&#8221; tablet_text_alignment=&#8221;default&#8221; phone_text_alignment=&#8221;default&#8221; overlay_strength=&#8221;0.3&#8243; column_border_width=&#8221;none&#8221; column_border_style=&#8221;solid&#8221; bg_image_animation=&#8221;none&#8221;][divider line_type=&#8221;No Line&#8221; custom_height=&#8221;20&#8243;][vc_column_text el_class=&#8221;note&#8221;]Term\u00e9keink[\/vc_column_text][\/vc_column][\/vc_row][vc_row type=&#8221;full_width_background&#8221; full_screen_row_position=&#8221;middle&#8221; column_margin=&#8221;default&#8221; scene_position=&#8221;center&#8221; text_color=&#8221;dark&#8221; text_align=&#8221;left&#8221; id=&#8221;our-products&#8221; overlay_strength=&#8221;0.3&#8243; shape_divider_position=&#8221;bottom&#8221; bg_image_animation=&#8221;none&#8221; shape_type=&#8221;&#8221;][vc_column column_padding=&#8221;no-extra-padding&#8221; column_padding_position=&#8221;all&#8221; background_color_opacity=&#8221;1&#8243; background_hover_color_opacity=&#8221;1&#8243; column_link_target=&#8221;_self&#8221; column_shadow=&#8221;none&#8221; column_border_radius=&#8221;none&#8221; width=&#8221;1\/1&#8243; tablet_width_inherit=&#8221;default&#8221; tablet_text_alignment=&#8221;default&#8221; phone_text_alignment=&#8221;default&#8221; overlay_strength=&#8221;0.3&#8243; column_border_width=&#8221;none&#8221; column_border_style=&#8221;solid&#8221; bg_image_animation=&#8221;none&#8221;][vc_row_inner content_placement=&#8221;top&#8221; column_margin=&#8221;default&#8221; text_align=&#8221;left&#8221; el_id=&#8221;our-products-in2&#8243;][vc_column_inner column_padding=&#8221;no-extra-padding&#8221; column_padding_position=&#8221;all&#8221; background_color_opacity=&#8221;1&#8243; background_hover_color_opacity=&#8221;1&#8243; column_shadow=&#8221;none&#8221; column_border_radius=&#8221;none&#8221; column_link_target=&#8221;_self&#8221; width=&#8221;1\/2&#8243; tablet_width_inherit=&#8221;default&#8221; overlay_strength=&#8221;0.3&#8243; column_border_width=&#8221;none&#8221; column_border_style=&#8221;solid&#8221; bg_image_animation=&#8221;none&#8221;][vc_column_text]\n<h1>Tekintsd meg<br \/>\nterm\u00e9keinket<\/h1>\n[\/vc_column_text][\/vc_column_inner][vc_column_inner column_padding=&#8221;no-extra-padding&#8221; column_padding_position=&#8221;all&#8221; background_color_opacity=&#8221;1&#8243; background_hover_color_opacity=&#8221;1&#8243; column_shadow=&#8221;none&#8221; column_border_radius=&#8221;none&#8221; column_link_target=&#8221;_self&#8221; width=&#8221;1\/2&#8243; tablet_width_inherit=&#8221;default&#8221; overlay_strength=&#8221;0.3&#8243; column_border_width=&#8221;none&#8221; column_border_style=&#8221;solid&#8221; bg_image_animation=&#8221;none&#8221;][\/vc_column_inner][\/vc_row_inner][\/vc_column][\/vc_row][vc_row type=&#8221;full_width_background&#8221; full_screen_row_position=&#8221;middle&#8221; column_margin=&#8221;default&#8221; scene_position=&#8221;center&#8221; text_color=&#8221;dark&#8221; text_align=&#8221;left&#8221; class=&#8221;our-product-header&#8221; overlay_strength=&#8221;0.3&#8243; shape_divider_position=&#8221;bottom&#8221; bg_image_animation=&#8221;none&#8221; shape_type=&#8221;&#8221;][vc_column column_padding=&#8221;no-extra-padding&#8221; column_padding_position=&#8221;all&#8221; background_color_opacity=&#8221;1&#8243; background_hover_color_opacity=&#8221;1&#8243; column_link_target=&#8221;_self&#8221; column_shadow=&#8221;none&#8221; column_border_radius=&#8221;none&#8221; width=&#8221;1\/2&#8243; tablet_width_inherit=&#8221;default&#8221; tablet_text_alignment=&#8221;default&#8221; phone_text_alignment=&#8221;default&#8221; overlay_strength=&#8221;0.3&#8243; column_border_width=&#8221;none&#8221; column_border_style=&#8221;solid&#8221; bg_image_animation=&#8221;none&#8221;][\/vc_column][vc_column column_padding=&#8221;no-extra-padding&#8221; column_padding_position=&#8221;all&#8221; background_color_opacity=&#8221;1&#8243; background_hover_color_opacity=&#8221;1&#8243; column_link_target=&#8221;_self&#8221; column_shadow=&#8221;none&#8221; column_border_radius=&#8221;none&#8221; width=&#8221;1\/2&#8243; tablet_width_inherit=&#8221;default&#8221; tablet_text_alignment=&#8221;default&#8221; phone_text_alignment=&#8221;default&#8221; overlay_strength=&#8221;0.3&#8243; column_border_width=&#8221;none&#8221; column_border_style=&#8221;solid&#8221; bg_image_animation=&#8221;none&#8221;][image_with_animation image_url=&#8221;401&#8243; alignment=&#8221;&#8221; animation=&#8221;Fade In From Right&#8221; hover_animation=&#8221;none&#8221; border_radius=&#8221;none&#8221; box_shadow=&#8221;none&#8221; image_loading=&#8221;default&#8221; max_width=&#8221;100%&#8221; max_width_mobile=&#8221;default&#8221; el_class=&#8221;hcp-products-baby&#8221;][\/vc_column][\/vc_row][vc_row type=&#8221;in_container&#8221; full_screen_row_position=&#8221;middle&#8221; column_margin=&#8221;default&#8221; scene_position=&#8221;center&#8221; text_color=&#8221;dark&#8221; text_align=&#8221;left&#8221; id=&#8221;product-1-hcp&#8221; overlay_strength=&#8221;0.3&#8243; shape_divider_position=&#8221;bottom&#8221; bg_image_animation=&#8221;none&#8221; shape_type=&#8221;&#8221;][vc_column column_padding=&#8221;no-extra-padding&#8221; column_padding_position=&#8221;all&#8221; background_color_opacity=&#8221;1&#8243; background_hover_color_opacity=&#8221;1&#8243; column_link_target=&#8221;_self&#8221; column_shadow=&#8221;none&#8221; column_border_radius=&#8221;none&#8221; width=&#8221;1\/2&#8243; tablet_width_inherit=&#8221;default&#8221; tablet_text_alignment=&#8221;default&#8221; phone_text_alignment=&#8221;default&#8221; overlay_strength=&#8221;0.3&#8243; column_border_width=&#8221;none&#8221; column_border_style=&#8221;solid&#8221; bg_image_animation=&#8221;none&#8221;][image_with_animation image_url=&#8221;902&#8243; alignment=&#8221;right&#8221; animation=&#8221;Fade In From Left&#8221; hover_animation=&#8221;none&#8221; border_radius=&#8221;none&#8221; box_shadow=&#8221;none&#8221; image_loading=&#8221;default&#8221; max_width=&#8221;100%&#8221; max_width_mobile=&#8221;default&#8221; delay=&#8221;200&#8243; el_class=&#8221;stage-one-hcp&#8221; img_link=&#8221;\/hcp\/capricare-1-helyettesito-tapszer-uj-formulaval&#8221;][\/vc_column][vc_column column_padding=&#8221;no-extra-padding&#8221; column_padding_position=&#8221;all&#8221; background_color_opacity=&#8221;1&#8243; background_hover_color_opacity=&#8221;1&#8243; column_link_target=&#8221;_self&#8221; column_shadow=&#8221;none&#8221; column_border_radius=&#8221;none&#8221; el_class=&#8221;product-one&#8221; width=&#8221;1\/2&#8243; tablet_width_inherit=&#8221;default&#8221; tablet_text_alignment=&#8221;default&#8221; phone_text_alignment=&#8221;default&#8221; overlay_strength=&#8221;0.3&#8243; column_border_width=&#8221;none&#8221; column_border_style=&#8221;solid&#8221; bg_image_animation=&#8221;none&#8221;][vc_column_text el_class=&#8221;product-1-hcp&#8221;]<span class=\"products-num\">1<\/span><br \/>\n<span class=\"product-text\"><strong>Tejalap\u00fa, anyatej-helyettes\u00edt\u0151 t\u00e1pszer<\/strong><\/span><br \/>\n<span class=\"product-text\" style=\"margin-bottom: 10px;\">0-6 h\u00f3nap<\/span><br \/>\nA Capricare<sup>\u00ae<\/sup> tejalap\u00fa, anyatej-kieg\u00e9sz\u00edt\u0151 t\u00e1pszere, a kisebb m\u00e9rt\u00e9kben feldolgozott kecsketejben tal\u00e1lhat\u00f3 term\u00e9szetes, \u00e9rt\u00e9kes t\u00e1panyagokb\u00f3l k\u00e9sz\u00fcl, \u00e9s k\u00edm\u00e9li a kicsik pocakj\u00e1t.<\/p>\n<a class=\"nectar-button n-sc-button small accent-color regular-button\"  href=\"\/hcp\/capricare-1-helyettesito-tapszer-uj-formulaval\" data-color-override=\"false\" data-hover-color-override=\"false\" data-hover-text-color-override=\"#fff\"><span>TUDJ MEG T\u00d6BBET<\/span><\/a>[\/vc_column_text][vc_column_text css_animation=&#8221;fadeIn&#8221; el_class=&#8221;hcp-product-line&#8221;]<img decoding=\"async\" loading=\"lazy\" role=\"img\" src=\"\/wp-content\/uploads\/sites\/21\/2020\/01\/about-line-mob1.svg\" alt=\"\" width=\"10\" height=\"100\" \/>[\/vc_column_text][\/vc_column][\/vc_row][vc_row type=&#8221;in_container&#8221; full_screen_row_position=&#8221;middle&#8221; column_margin=&#8221;default&#8221; scene_position=&#8221;center&#8221; text_color=&#8221;dark&#8221; text_align=&#8221;left&#8221; id=&#8221;product-2-hcp&#8221; overlay_strength=&#8221;0.3&#8243; shape_divider_position=&#8221;bottom&#8221; bg_image_animation=&#8221;none&#8221; shape_type=&#8221;&#8221;][vc_column column_padding=&#8221;no-extra-padding&#8221; column_padding_position=&#8221;all&#8221; background_color_opacity=&#8221;1&#8243; background_hover_color_opacity=&#8221;1&#8243; column_link_target=&#8221;_self&#8221; column_shadow=&#8221;none&#8221; column_border_radius=&#8221;none&#8221; width=&#8221;1\/2&#8243; tablet_width_inherit=&#8221;default&#8221; tablet_text_alignment=&#8221;default&#8221; phone_text_alignment=&#8221;default&#8221; overlay_strength=&#8221;0.3&#8243; column_border_width=&#8221;none&#8221; column_border_style=&#8221;solid&#8221; bg_image_animation=&#8221;none&#8221;][image_with_animation image_url=&#8221;903&#8243; alignment=&#8221;right&#8221; animation=&#8221;Fade In From Left&#8221; hover_animation=&#8221;none&#8221; border_radius=&#8221;none&#8221; box_shadow=&#8221;none&#8221; image_loading=&#8221;default&#8221; max_width=&#8221;100%&#8221; max_width_mobile=&#8221;default&#8221; delay=&#8221;200&#8243; el_class=&#8221;stage-two-hcp&#8221; img_link=&#8221;\/hcp\/capricare-2-kiegeszito-tapszer-uj-formulaval&#8221;][\/vc_column][vc_column column_padding=&#8221;no-extra-padding&#8221; column_padding_position=&#8221;all&#8221; background_color_opacity=&#8221;1&#8243; background_hover_color_opacity=&#8221;1&#8243; column_link_target=&#8221;_self&#8221; column_shadow=&#8221;none&#8221; column_border_radius=&#8221;none&#8221; el_class=&#8221;product-one&#8221; width=&#8221;1\/2&#8243; tablet_width_inherit=&#8221;default&#8221; tablet_text_alignment=&#8221;default&#8221; phone_text_alignment=&#8221;default&#8221; overlay_strength=&#8221;0.3&#8243; column_border_width=&#8221;none&#8221; column_border_style=&#8221;solid&#8221; bg_image_animation=&#8221;none&#8221;][vc_column_text el_class=&#8221;product-2-hcp&#8221;]<span class=\"products-num\">2<\/span><br \/>\n<span class=\"product-text\"><strong>Tejalap\u00fa, anyatej-kieg\u00e9sz\u00edt\u0151 t\u00e1pszer<\/strong><\/span><br \/>\n<span class=\"product-text\" style=\"margin-bottom: 10px;\">6-12 h\u00f3nap<\/span><br \/>\nA Capricare<sup>\u00ae<\/sup> anyatej-kieg\u00e9sz\u00edt\u0151 t\u00e1pszer a kecsketejben tal\u00e1lhat\u00f3 term\u00e9szetes, \u00e9rt\u00e9kes t\u00e1panyagokb\u00f3l k\u00e9sz\u00fcl. A n\u00e9lk\u00fcl\u00f6zhetetlen vitaminokkal \u00e9s \u00e1sv\u00e1nyi anyagokkal d\u00fas\u00edtott k\u00e9sz\u00edtm\u00e9ny kieg\u00e9sz\u00edti a 6 h\u00f3naposn\u00e1l id\u0151sebb bab\u00e1k elv\u00e1laszt\u00e1s\u00e1hoz sz\u00fcks\u00e9ges \u00e9trendet.<\/p>\n<a class=\"nectar-button n-sc-button small accent-color regular-button\"  href=\"\/hcp\/capricare-2-kiegeszito-tapszer-uj-formulaval\" data-color-override=\"false\" data-hover-color-override=\"false\" data-hover-text-color-override=\"#fff\"><span>TUDJ MEG T\u00d6BBET<\/span><\/a>[\/vc_column_text][vc_column_text css_animation=&#8221;fadeIn&#8221; el_class=&#8221;hcp-product-line&#8221;]<img decoding=\"async\" loading=\"lazy\" role=\"img\" src=\"\/wp-content\/uploads\/sites\/21\/2020\/01\/about-line-mob1.svg\" alt=\"\" width=\"10\" height=\"100\" \/>[\/vc_column_text][\/vc_column][\/vc_row][vc_row type=&#8221;in_container&#8221; full_screen_row_position=&#8221;middle&#8221; column_margin=&#8221;default&#8221; scene_position=&#8221;center&#8221; text_color=&#8221;dark&#8221; text_align=&#8221;left&#8221; id=&#8221;product-3-hcp&#8221; overlay_strength=&#8221;0.3&#8243; shape_divider_position=&#8221;bottom&#8221; bg_image_animation=&#8221;none&#8221; shape_type=&#8221;&#8221;][vc_column column_padding=&#8221;no-extra-padding&#8221; column_padding_position=&#8221;all&#8221; background_color_opacity=&#8221;1&#8243; background_hover_color_opacity=&#8221;1&#8243; column_link_target=&#8221;_self&#8221; column_shadow=&#8221;none&#8221; column_border_radius=&#8221;none&#8221; width=&#8221;1\/2&#8243; tablet_width_inherit=&#8221;default&#8221; tablet_text_alignment=&#8221;default&#8221; phone_text_alignment=&#8221;default&#8221; overlay_strength=&#8221;0.3&#8243; column_border_width=&#8221;none&#8221; column_border_style=&#8221;solid&#8221; bg_image_animation=&#8221;none&#8221;][image_with_animation image_url=&#8221;904&#8243; alignment=&#8221;right&#8221; animation=&#8221;Fade In From Left&#8221; hover_animation=&#8221;none&#8221; border_radius=&#8221;none&#8221; box_shadow=&#8221;none&#8221; image_loading=&#8221;default&#8221; max_width=&#8221;100%&#8221; max_width_mobile=&#8221;default&#8221; delay=&#8221;200&#8243; el_class=&#8221;stage-three-hcp&#8221; img_link=&#8221;\/hcp\/capricare-3-junior-gyermekital-uj-formulaval&#8221;][\/vc_column][vc_column column_padding=&#8221;no-extra-padding&#8221; column_padding_position=&#8221;all&#8221; background_color_opacity=&#8221;1&#8243; background_hover_color_opacity=&#8221;1&#8243; column_link_target=&#8221;_self&#8221; column_shadow=&#8221;none&#8221; column_border_radius=&#8221;none&#8221; el_class=&#8221;product-one&#8221; width=&#8221;1\/2&#8243; tablet_width_inherit=&#8221;default&#8221; tablet_text_alignment=&#8221;default&#8221; phone_text_alignment=&#8221;default&#8221; overlay_strength=&#8221;0.3&#8243; column_border_width=&#8221;none&#8221; column_border_style=&#8221;solid&#8221; bg_image_animation=&#8221;none&#8221;][vc_column_text el_class=&#8221;product-3-hcp&#8221; el_id=&#8221;product-3&#8243;]<span class=\"products-num\">3<\/span><br \/>\n<span class=\"product-text\"><strong>Junior gyermekital<\/strong><\/span><br \/>\n<span class=\"product-text\" style=\"margin-bottom: 10px;\">12+ h\u00f3nap<\/span><br \/>\nA Capricare<sup>\u00ae<\/sup> junior gyermekital a kecsketejben tal\u00e1lhat\u00f3 term\u00e9szetes, \u00e9rt\u00e9kes t\u00e1panyagokb\u00f3l k\u00e9sz\u00fcl, \u00e9s olyan vitaminokkal, \u00e1sv\u00e1nyi anyagokkal \u00e9s t\u00e1panyagokkal van d\u00fas\u00edtva, amelyekkel kieg\u00e9sz\u00edthet\u0151 a 12 h\u00f3naposn\u00e1l id\u0151sebb kisgyermekek v\u00e1ltozatos \u00e9s kiegyens\u00falyozott \u00e9trendje.<\/p>\n<a class=\"nectar-button n-sc-button small accent-color regular-button\"  href=\"\/hcp\/capricare-3-junior-gyermekital-uj-formulaval\" data-color-override=\"false\" data-hover-color-override=\"false\" data-hover-text-color-override=\"#fff\"><span>TUDJ MEG T\u00d6BBET<\/span><\/a>[\/vc_column_text][\/vc_column][\/vc_row][vc_row type=&#8221;in_container&#8221; full_screen_row_position=&#8221;middle&#8221; column_margin=&#8221;default&#8221; scene_position=&#8221;center&#8221; text_color=&#8221;dark&#8221; text_align=&#8221;left&#8221; overlay_strength=&#8221;0.3&#8243; shape_divider_position=&#8221;bottom&#8221; bg_image_animation=&#8221;none&#8221;][vc_column column_padding=&#8221;no-extra-padding&#8221; column_padding_position=&#8221;all&#8221; background_color_opacity=&#8221;1&#8243; background_hover_color_opacity=&#8221;1&#8243; column_link_target=&#8221;_self&#8221; column_shadow=&#8221;none&#8221; column_border_radius=&#8221;none&#8221; width=&#8221;1\/1&#8243; tablet_width_inherit=&#8221;default&#8221; tablet_text_alignment=&#8221;default&#8221; phone_text_alignment=&#8221;default&#8221; overlay_strength=&#8221;0.3&#8243; column_border_width=&#8221;none&#8221; column_border_style=&#8221;solid&#8221; bg_image_animation=&#8221;none&#8221;][divider line_type=&#8221;No Line&#8221; custom_height=&#8221;40&#8243;][\/vc_column][\/vc_row][vc_row type=&#8221;full_width_background&#8221; full_screen_row_position=&#8221;middle&#8221; column_margin=&#8221;default&#8221; scene_position=&#8221;center&#8221; text_color=&#8221;dark&#8221; text_align=&#8221;left&#8221; class=&#8221;how-made&#8221; overlay_strength=&#8221;0.3&#8243; shape_divider_position=&#8221;bottom&#8221; bg_image_animation=&#8221;none&#8221; shape_type=&#8221;&#8221;][vc_column column_padding=&#8221;no-extra-padding&#8221; column_padding_position=&#8221;all&#8221; background_color_opacity=&#8221;1&#8243; background_hover_color_opacity=&#8221;1&#8243; font_color=&#8221;#887c66&#8243; column_link_target=&#8221;_self&#8221; column_shadow=&#8221;none&#8221; column_border_radius=&#8221;none&#8221; width=&#8221;1\/1&#8243; tablet_width_inherit=&#8221;default&#8221; tablet_text_alignment=&#8221;default&#8221; phone_text_alignment=&#8221;default&#8221; overlay_strength=&#8221;0.3&#8243; column_border_width=&#8221;none&#8221; column_border_style=&#8221;solid&#8221; bg_image_animation=&#8221;none&#8221;][vc_column_text el_class=&#8221;how-made-text&#8221;]\n<h2>Hogyan k\u00e9sz\u00fcl?<\/h2>\n<p>Ha szeretn\u00e9l t\u00f6bbet megtudni a folyamatokr\u00f3l \u00e9s annak tudom\u00e1nyos h\u00e1tter\u00e9r\u0151l, olvasd el a gy\u00e1rt\u00e1st bemutat\u00f3 oldalt.[\/vc_column_text][nectar_btn size=&#8221;medium&#8221; button_style=&#8221;regular&#8221; button_color_2=&#8221;Accent-Color&#8221; icon_family=&#8221;none&#8221; el_class=&#8221;why-learn&#8221; url=&#8221;\/hcp\/eloallitasi-folyamatunk&#8221; text=&#8221;TUDJ MEG T\u00d6BBET&#8221; margin_top=&#8221;20&#8243;][\/vc_column][\/vc_row]\n","protected":false},"excerpt":{"rendered":"<p>[vc_row type=&#8221;full_width_content&#8221; full_screen_row_position=&#8221;middle&#8221; column_margin=&#8221;default&#8221; scene_position=&#8221;center&#8221; text_color=&#8221;dark&#8221; text_align=&#8221;left&#8221; id=&#8221;bread-note&#8221; overlay_strength=&#8221;0.3&#8243; shape_divider_position=&#8221;bottom&#8221; bg_image_animation=&#8221;none&#8221; shape_type=&#8221;&#8221;][vc_column column_padding=&#8221;no-extra-padding&#8221; column_padding_position=&#8221;all&#8221; background_color_opacity=&#8221;1&#8243; background_hover_color_opacity=&#8221;1&#8243; column_link_target=&#8221;_self&#8221; column_shadow=&#8221;none&#8221; column_border_radius=&#8221;none&#8221; width=&#8221;1\/1&#8243; tablet_width_inherit=&#8221;default&#8221; tablet_text_alignment=&#8221;default&#8221; phone_text_alignment=&#8221;default&#8221; overlay_strength=&#8221;0.3&#8243; column_border_width=&#8221;none&#8221; column_border_style=&#8221;solid&#8221; bg_image_animation=&#8221;none&#8221;][divider line_type=&#8221;No Line&#8221; custom_height=&#8221;20&#8243;][vc_column_text&#8230;<\/p>\n","protected":false},"author":1,"featured_media":0,"parent":0,"menu_order":0,"comment_status":"closed","ping_status":"closed","template":"","meta":[],"yoast_head":"<!-- This site is optimized with the Yoast SEO plugin v21.1 - https:\/\/yoast.com\/wordpress\/plugins\/seo\/ -->\n<title>Term\u00e9keink - Capricare Hungary HCP<\/title>\n<meta name=\"description\" content=\"Explore the Capricare range. Goat milk formulas backed by 20 years of science; our products provide a true alternative to cow milk formula.\" \/>\n<meta name=\"robots\" content=\"index, follow, max-snippet:-1, max-image-preview:large, max-video-preview:-1\" \/>\n<link rel=\"canonical\" href=\"https:\/\/www.capricare.hu\/hcp\/termekeink\/\" \/>\n<meta property=\"og:locale\" content=\"en_US\" \/>\n<meta property=\"og:type\" content=\"article\" \/>\n<meta property=\"og:title\" content=\"Term\u00e9keink - Capricare Hungary HCP\" \/>\n<meta property=\"og:description\" content=\"Explore the Capricare range. Goat milk formulas backed by 20 years of science; our products provide a true alternative to cow milk formula.\" \/>\n<meta property=\"og:url\" content=\"https:\/\/www.capricare.hu\/hcp\/termekeink\/\" \/>\n<meta property=\"og:site_name\" content=\"Capricare Hungary HCP\" \/>\n<meta property=\"article:modified_time\" content=\"2021-06-17T20:59:55+00:00\" \/>\n<meta name=\"twitter:card\" content=\"summary_large_image\" \/>\n<meta name=\"twitter:label1\" content=\"Est. reading time\" \/>\n\t<meta name=\"twitter:data1\" content=\"8 minutes\" \/>\n<script type=\"application\/ld+json\" class=\"yoast-schema-graph\">{\"@context\":\"https:\/\/schema.org\",\"@graph\":[{\"@type\":\"WebPage\",\"@id\":\"https:\/\/www.capricare.hu\/hcp\/termekeink\/\",\"url\":\"https:\/\/www.capricare.hu\/hcp\/termekeink\/\",\"name\":\"Term\u00e9keink - Capricare Hungary HCP\",\"isPartOf\":{\"@id\":\"https:\/\/www.capricare.hu\/hcp\/#website\"},\"datePublished\":\"2019-12-20T21:21:53+00:00\",\"dateModified\":\"2021-06-17T20:59:55+00:00\",\"description\":\"Explore the Capricare range. Goat milk formulas backed by 20 years of science; our products provide a true alternative to cow milk formula.\",\"breadcrumb\":{\"@id\":\"https:\/\/www.capricare.hu\/hcp\/termekeink\/#breadcrumb\"},\"inLanguage\":\"en-NZ\",\"potentialAction\":[{\"@type\":\"ReadAction\",\"target\":[\"https:\/\/www.capricare.hu\/hcp\/termekeink\/\"]}]},{\"@type\":\"BreadcrumbList\",\"@id\":\"https:\/\/www.capricare.hu\/hcp\/termekeink\/#breadcrumb\",\"itemListElement\":[{\"@type\":\"ListItem\",\"position\":1,\"name\":\"Home\",\"item\":\"https:\/\/www.capricare.hu\/hcp\/\"},{\"@type\":\"ListItem\",\"position\":2,\"name\":\"Term\u00e9keink\"}]},{\"@type\":\"WebSite\",\"@id\":\"https:\/\/www.capricare.hu\/hcp\/#website\",\"url\":\"https:\/\/www.capricare.hu\/hcp\/\",\"name\":\"Capricare Hungary HCP\",\"description\":\"\",\"potentialAction\":[{\"@type\":\"SearchAction\",\"target\":{\"@type\":\"EntryPoint\",\"urlTemplate\":\"https:\/\/www.capricare.hu\/hcp\/?s={search_term_string}\"},\"query-input\":\"required name=search_term_string\"}],\"inLanguage\":\"en-NZ\"}]}<\/script>\n<!-- \/ Yoast SEO plugin. -->","yoast_head_json":{"title":"Term\u00e9keink - Capricare Hungary HCP","description":"Explore the Capricare range. Goat milk formulas backed by 20 years of science; our products provide a true alternative to cow milk formula.","robots":{"index":"index","follow":"follow","max-snippet":"max-snippet:-1","max-image-preview":"max-image-preview:large","max-video-preview":"max-video-preview:-1"},"canonical":"https:\/\/www.capricare.hu\/hcp\/termekeink\/","og_locale":"en_US","og_type":"article","og_title":"Term\u00e9keink - Capricare Hungary HCP","og_description":"Explore the Capricare range. Goat milk formulas backed by 20 years of science; our products provide a true alternative to cow milk formula.","og_url":"https:\/\/www.capricare.hu\/hcp\/termekeink\/","og_site_name":"Capricare Hungary HCP","article_modified_time":"2021-06-17T20:59:55+00:00","twitter_card":"summary_large_image","twitter_misc":{"Est. reading time":"8 minutes"},"schema":{"@context":"https:\/\/schema.org","@graph":[{"@type":"WebPage","@id":"https:\/\/www.capricare.hu\/hcp\/termekeink\/","url":"https:\/\/www.capricare.hu\/hcp\/termekeink\/","name":"Term\u00e9keink - Capricare Hungary HCP","isPartOf":{"@id":"https:\/\/www.capricare.hu\/hcp\/#website"},"datePublished":"2019-12-20T21:21:53+00:00","dateModified":"2021-06-17T20:59:55+00:00","description":"Explore the Capricare range. Goat milk formulas backed by 20 years of science; our products provide a true alternative to cow milk formula.","breadcrumb":{"@id":"https:\/\/www.capricare.hu\/hcp\/termekeink\/#breadcrumb"},"inLanguage":"en-NZ","potentialAction":[{"@type":"ReadAction","target":["https:\/\/www.capricare.hu\/hcp\/termekeink\/"]}]},{"@type":"BreadcrumbList","@id":"https:\/\/www.capricare.hu\/hcp\/termekeink\/#breadcrumb","itemListElement":[{"@type":"ListItem","position":1,"name":"Home","item":"https:\/\/www.capricare.hu\/hcp\/"},{"@type":"ListItem","position":2,"name":"Term\u00e9keink"}]},{"@type":"WebSite","@id":"https:\/\/www.capricare.hu\/hcp\/#website","url":"https:\/\/www.capricare.hu\/hcp\/","name":"Capricare Hungary HCP","description":"","potentialAction":[{"@type":"SearchAction","target":{"@type":"EntryPoint","urlTemplate":"https:\/\/www.capricare.hu\/hcp\/?s={search_term_string}"},"query-input":"required name=search_term_string"}],"inLanguage":"en-NZ"}]}},"_links":{"self":[{"href":"https:\/\/www.capricare.hu\/hcp\/wp-json\/wp\/v2\/pages\/14"}],"collection":[{"href":"https:\/\/www.capricare.hu\/hcp\/wp-json\/wp\/v2\/pages"}],"about":[{"href":"https:\/\/www.capricare.hu\/hcp\/wp-json\/wp\/v2\/types\/page"}],"author":[{"embeddable":true,"href":"https:\/\/www.capricare.hu\/hcp\/wp-json\/wp\/v2\/users\/1"}],"replies":[{"embeddable":true,"href":"https:\/\/www.capricare.hu\/hcp\/wp-json\/wp\/v2\/comments?post=14"}],"version-history":[{"count":55,"href":"https:\/\/www.capricare.hu\/hcp\/wp-json\/wp\/v2\/pages\/14\/revisions"}],"predecessor-version":[{"id":948,"href":"https:\/\/www.capricare.hu\/hcp\/wp-json\/wp\/v2\/pages\/14\/revisions\/948"}],"wp:attachment":[{"href":"https:\/\/www.capricare.hu\/hcp\/wp-json\/wp\/v2\/media?parent=14"}],"curies":[{"name":"wp","href":"https:\/\/api.w.org\/{rel}","templated":true}]}}