{"id":25,"date":"2019-12-20T21:25:50","date_gmt":"2019-12-20T21:25:50","guid":{"rendered":"https:\/\/www.capricare.eu\/capricare-hu-hcp\/?page_id=25"},"modified":"2020-08-19T23:52:53","modified_gmt":"2020-08-19T23:52:53","slug":"gyik","status":"publish","type":"page","link":"https:\/\/www.capricare.hu\/hcp\/gyik\/","title":{"rendered":"GYIK"},"content":{"rendered":"[vc_row type=&#8221;full_width_content&#8221; full_screen_row_position=&#8221;middle&#8221; column_margin=&#8221;default&#8221; bg_color=&#8221;#e4f2e2&#8243; scene_position=&#8221;center&#8221; text_color=&#8221;dark&#8221; text_align=&#8221;left&#8221; id=&#8221;bread-note&#8221; overlay_strength=&#8221;0.3&#8243; shape_divider_position=&#8221;bottom&#8221; bg_image_animation=&#8221;none&#8221; shape_type=&#8221;&#8221;][vc_column column_padding=&#8221;no-extra-padding&#8221; column_padding_position=&#8221;all&#8221; background_color_opacity=&#8221;1&#8243; background_hover_color_opacity=&#8221;1&#8243; column_link_target=&#8221;_self&#8221; column_shadow=&#8221;none&#8221; column_border_radius=&#8221;none&#8221; width=&#8221;1\/1&#8243; tablet_width_inherit=&#8221;default&#8221; tablet_text_alignment=&#8221;default&#8221; phone_text_alignment=&#8221;default&#8221; overlay_strength=&#8221;0.3&#8243; column_border_width=&#8221;none&#8221; column_border_style=&#8221;solid&#8221; bg_image_animation=&#8221;none&#8221;][divider line_type=&#8221;No Line&#8221; custom_height=&#8221;20&#8243;][vc_column_text el_class=&#8221;note&#8221;]GYIK[\/vc_column_text][divider line_type=&#8221;No Line&#8221; custom_height=&#8221;100&#8243;][\/vc_column][\/vc_row][vc_row type=&#8221;full_width_background&#8221; full_screen_row_position=&#8221;middle&#8221; column_margin=&#8221;default&#8221; bg_color=&#8221;#e4f2e2&#8243; scene_position=&#8221;center&#8221; text_color=&#8221;dark&#8221; text_align=&#8221;left&#8221; top_padding=&#8221;80&#8243; class=&#8221;cc-terms&#8221; overlay_strength=&#8221;0.3&#8243; shape_divider_position=&#8221;bottom&#8221; bg_image_animation=&#8221;none&#8221; shape_type=&#8221;&#8221;][vc_column column_padding=&#8221;no-extra-padding&#8221; column_padding_position=&#8221;all&#8221; background_color_opacity=&#8221;1&#8243; background_hover_color_opacity=&#8221;1&#8243; column_link_target=&#8221;_self&#8221; column_shadow=&#8221;none&#8221; column_border_radius=&#8221;none&#8221; width=&#8221;1\/2&#8243; tablet_width_inherit=&#8221;default&#8221; tablet_text_alignment=&#8221;default&#8221; phone_text_alignment=&#8221;default&#8221; overlay_strength=&#8221;0.3&#8243; column_border_width=&#8221;none&#8221; column_border_style=&#8221;solid&#8221; bg_image_animation=&#8221;none&#8221;][divider line_type=&#8221;No Line&#8221; custom_height=&#8221;40&#8243;][vc_column_text]\n<h4>Mi\u00f3ta \u00e9rhet\u0151k el a kecsketejb\u0151l k\u00e9sz\u00fclt t\u00e1pszerek?<\/h4>\n<p>A kecsketejb\u0151l k\u00e9sz\u00fclt, anyatej-helyettes\u00edt\u0151 t\u00e1pszert el\u0151sz\u00f6r \u00daj-Z\u00e9landon \u00e9s Ausztr\u00e1li\u00e1ban kezdt\u00e9k haszn\u00e1lni t\u00f6bb mint 30 \u00e9vvel ezel\u0151tt. A Capricare<sup>\u00ae<\/sup>-t a Dairy Goat Co-operative \u2013 a kecsketejb\u0151l k\u00e9sz\u00fclt anyatej-helyettes\u00edt\u0151 t\u00e1pszer feltal\u00e1l\u00f3ja \u00e9s \u00fatt\u00f6r\u0151 felhaszn\u00e1l\u00f3ja \u2013 \u00e1ll\u00edtja el\u0151.<\/p>\n<h4>Vegy\u00edthet\u0151-e a Capricare<sup>\u00ae<\/sup> m\u00e1s t\u00e1pszerekkel?<\/h4>\n<p>A t\u00e1pszer \u00fagy lett kialak\u00edtva, hogy minden egyes adagja adott mennyis\u00e9g\u0171 t\u00e1panyagot juttasson a szervezetbe. Ha \u00e9pp t\u00e1pszert v\u00e1ltasz, r\u00f6vid ideig (3\u20137 napig) vegy\u00edtheted a k\u00fcl\u00f6nb\u00f6z\u0151 term\u00e9keket egym\u00e1ssal. Ha azonban hosszabb ideig vegy\u00edted a t\u00e1pszereket, fenn\u00e1ll a vesz\u00e9lye, hogy a t\u00e1pl\u00e1l\u00e9k t\u00e1panyag-koncentr\u00e1tuma t\u00fal magas, vagy \u00e9pp t\u00fal alacsony lesz, ami k\u00e9nyelmetlens\u00e9ghez vagy a t\u00e1panyagok egyens\u00faly\u00e1nak felborul\u00e1s\u00e1hoz vezethet.<\/p>\n<h4>Hogyan v\u00e1lthatunk \u00e1t a Capricare<sup>\u00ae<\/sup>-re m\u00e1s t\u00e1pszerekr\u0151l?<\/h4>\n<p>Ennek az a legjobb m\u00f3dja, ha az egyik t\u00e1pszert fokozatosan helyettes\u00edted a m\u00e1sikkal 3\u20137 nap leforg\u00e1sa alatt. Kezd\u00e9snek helyettes\u00edts a jelenleg haszn\u00e1lt t\u00e1pszerb\u0151l egy kan\u00e1lnyi adagot a Capricare<sup>\u00ae<\/sup>-rel a t\u00e1pl\u00e1l\u00e9k \u00f6ssze\u00e1ll\u00edt\u00e1sakor. Egy-k\u00e9t nap eltelt\u00e9vel helyettes\u00edts egy \u00fajabb kan\u00e1lnyi adagot a Capricare<sup>\u00ae<\/sup>-rel, m\u00edg v\u00e9g\u00fcl az eg\u00e9sz t\u00e1pszeradag a Capricare<sup>\u00ae<\/sup>-k\u00e9sz\u00edtm\u00e9nyb\u0151l nem \u00e1ll.<\/p>\n<h4>Megfelel\u0151-e a Capricare<sup>\u00ae<\/sup>-k\u00e9sz\u00edtm\u00e9nyek vas- \u00e9s folsavszintje?<\/h4>\n<p>A kecsketejb\u0151l k\u00e9sz\u00fclt t\u00e1pszert a teh\u00e9ntejalap\u00fa t\u00e1pszerhez hasonl\u00f3an vitaminokkal \u00e9s \u00e1sv\u00e1nyi anyagokkal kell kieg\u00e9sz\u00edteni, hogy kisbab\u00e1d \u00f6sszes sz\u00fcks\u00e9glet\u00e9nek megfeleljen. A Capricare<sup>\u00ae<\/sup> megfelel\u0151 mennyis\u00e9g\u0171 vitamint \u00e9s \u00e1sv\u00e1nyi anyagot \u2013 p\u00e9ld\u00e1ul folsavat, B12-, C-, D-, \u00e9s E-vitamint, illetve vasat \u2013 tartalmaz, hogy biztos\u00edtsa ezek sz\u00fcks\u00e9ges bevitel\u00e9t* a kisbaba sz\u00e1m\u00e1ra.<br \/>\n*Uni\u00f3s szab\u00e1lyoz\u00e1sok szerint.<\/p>\n<h4>Milyen a Capricare<sup>\u00ae<\/sup> \u00edze \u00e9s illata?<\/h4>\n<p>Tej\u00fcnk megfelel\u0151en t\u00e1pl\u00e1lt, eg\u00e9szs\u00e9ges k\u00f6r\u00fclm\u00e9nyek k\u00f6z\u00f6tt tartott kecsk\u00e9kb\u0151l sz\u00e1rmazik. A tejet v\u00e9gig k\u00edm\u00e9letesen kezelj\u00fck az anyatej-helyettes\u00edt\u0151 t\u00e1pszer el\u0151\u00e1ll\u00edt\u00e1si folyamata sor\u00e1n. A v\u00e9geredm\u00e9ny egy l\u00e1gy \u00e9s kellemes \u00edz\u0171 anyatej-helyettes\u00edt\u0151 t\u00e1pszer.[\/vc_column_text][\/vc_column][vc_column column_padding=&#8221;no-extra-padding&#8221; column_padding_position=&#8221;all&#8221; background_color_opacity=&#8221;1&#8243; background_hover_color_opacity=&#8221;1&#8243; column_link_target=&#8221;_self&#8221; column_shadow=&#8221;none&#8221; column_border_radius=&#8221;none&#8221; el_class=&#8221;faq-right&#8221; width=&#8221;1\/2&#8243; tablet_width_inherit=&#8221;default&#8221; tablet_text_alignment=&#8221;default&#8221; phone_text_alignment=&#8221;default&#8221; overlay_strength=&#8221;0.3&#8243; column_border_width=&#8221;none&#8221; column_border_style=&#8221;solid&#8221; bg_image_animation=&#8221;none&#8221;][vc_column_text]\n<h4>Honnan sz\u00e1rmazik a Capricare<sup>\u00ae<\/sup>?<\/h4>\n<p>A Capricare<sup>\u00ae<\/sup>-t a Dairy Goat Co-operative \u00e1ll\u00edtja el\u0151, amely vil\u00e1gszinten vezet\u0151 \u00e9s \u00fatt\u00f6r\u0151 szerepet t\u00f6lt be a kecsketejb\u0151l k\u00e9sz\u00fclt anyatej-helyettes\u00edt\u0151 t\u00e1pszerek piac\u00e1n. A Dairy Goat Co-operative sz\u00e9khelye \u00daj-Z\u00e9landon tal\u00e1lhat\u00f3, \u00e9s a sz\u00f6vetkezet a tejtermel\u0151k tulajdon\u00e1ban van. Gazdas\u00e1gaik \u00daj-Z\u00e9land legd\u00fasabb legel\u0151in ter\u00fclnek el.<\/p>\n<h4>Hogyan teny\u00e9sztik a kecsk\u00e9ket?<\/h4>\n<p>A kecsk\u00e9ket nyitott oldal\u00fa ist\u00e1ll\u00f3ban tartjuk, ahol term\u00e9szetes f\u00e9ny \u00e9s friss leveg\u0151 \u00e9ri \u0151ket. A kecsk\u00e9knek elegend\u0151 hely\u00fck van ahhoz, hogy szabadon mozogjanak, vagy lefek\u00fcdjenek. A kecsk\u00e9k szabadon hozz\u00e1f\u00e9rnek a takarm\u00e1nyukhoz.<\/p>\n<h4>Haszn\u00e1lnak-e a termel\u0151k antibiotikumot?<\/h4>\n<p>Az \u00f6sszes gy\u00f3gyszer \u2013 k\u00f6zt\u00fck az antibiotikumok \u2013 haszn\u00e1lata szigor\u00faan szab\u00e1lyozott \u00daj-Z\u00e9landon, ahol a Capricare<sup>\u00ae<\/sup> is k\u00e9sz\u00fcl. Antibiotikumot csak kiv\u00e9teles k\u00f6r\u00fclm\u00e9nyek k\u00f6z\u00f6tt, fert\u0151z\u00e9sek kezel\u00e9s\u00e9re alkalmazunk. Ebben az esetben mell\u0151zz\u00fck a kezel\u00e9s ideje alatt, valamint az azt k\u00f6vet\u0151 napok sor\u00e1n gy\u0171jt\u00f6tt tej haszn\u00e1lat\u00e1t. A tejet minden sz\u00e1ll\u00edtm\u00e1ny eset\u00e9ben rutinszer\u0171en ellen\u0151rizz\u00fck annak \u00e9rdek\u00e9ben, hogy biztosan ne tartalmazzon antibiotikum-marad\u00e9kanyagokat.<\/p>\n<h4>Hol tal\u00e1lhat\u00f3 m\u00e9g meg a Capricare<sup>\u00ae<\/sup> kecsketejalap\u00fa t\u00e1pszer?<\/h4>\n<p>A Capricare<sup>\u00ae<\/sup>-t a Dairy Goat Co-operative \u00e1ll\u00edtja el\u0151. T\u00e1pszereik vil\u00e1gszerte 30 orsz\u00e1gban \u00e9rhet\u0151k el. A term\u00e9ket Capricare<sup>\u00ae<\/sup>, vagy m\u00e1s \u2013 p\u00e9ld\u00e1ul Karihome, DG, Golden Goat vagy Nanny \u2013 n\u00e9ven forgalmazz\u00e1k.[\/vc_column_text][\/vc_column][\/vc_row][vc_row type=&#8221;full_width_background&#8221; full_screen_row_position=&#8221;middle&#8221; column_margin=&#8221;default&#8221; bg_color=&#8221;#e4f2e2&#8243; scene_position=&#8221;center&#8221; text_color=&#8221;dark&#8221; text_align=&#8221;left&#8221; overlay_strength=&#8221;0.3&#8243; shape_divider_position=&#8221;bottom&#8221; bg_image_animation=&#8221;none&#8221; shape_type=&#8221;&#8221;][vc_column column_padding=&#8221;no-extra-padding&#8221; column_padding_position=&#8221;all&#8221; background_color_opacity=&#8221;1&#8243; background_hover_color_opacity=&#8221;1&#8243; column_link_target=&#8221;_self&#8221; column_shadow=&#8221;none&#8221; column_border_radius=&#8221;none&#8221; width=&#8221;1\/1&#8243; tablet_width_inherit=&#8221;default&#8221; tablet_text_alignment=&#8221;default&#8221; phone_text_alignment=&#8221;default&#8221; overlay_strength=&#8221;0.3&#8243; column_border_width=&#8221;none&#8221; column_border_style=&#8221;solid&#8221; bg_image_animation=&#8221;none&#8221;][divider line_type=&#8221;No Line&#8221; custom_height=&#8221;80&#8243;][\/vc_column][\/vc_row]\n","protected":false},"excerpt":{"rendered":"<p>[vc_row type=&#8221;full_width_content&#8221; full_screen_row_position=&#8221;middle&#8221; column_margin=&#8221;default&#8221; bg_color=&#8221;#e4f2e2&#8243; scene_position=&#8221;center&#8221; text_color=&#8221;dark&#8221; text_align=&#8221;left&#8221; id=&#8221;bread-note&#8221; overlay_strength=&#8221;0.3&#8243; shape_divider_position=&#8221;bottom&#8221; bg_image_animation=&#8221;none&#8221; shape_type=&#8221;&#8221;][vc_column column_padding=&#8221;no-extra-padding&#8221; column_padding_position=&#8221;all&#8221; background_color_opacity=&#8221;1&#8243; background_hover_color_opacity=&#8221;1&#8243; column_link_target=&#8221;_self&#8221; column_shadow=&#8221;none&#8221; column_border_radius=&#8221;none&#8221; width=&#8221;1\/1&#8243; tablet_width_inherit=&#8221;default&#8221; tablet_text_alignment=&#8221;default&#8221; phone_text_alignment=&#8221;default&#8221; overlay_strength=&#8221;0.3&#8243; column_border_width=&#8221;none&#8221; column_border_style=&#8221;solid&#8221; bg_image_animation=&#8221;none&#8221;][divider line_type=&#8221;No Line&#8221;&#8230;<\/p>\n","protected":false},"author":1,"featured_media":0,"parent":0,"menu_order":0,"comment_status":"closed","ping_status":"closed","template":"","meta":[],"yoast_head":"<!-- This site is optimized with the Yoast SEO plugin v21.1 - https:\/\/yoast.com\/wordpress\/plugins\/seo\/ -->\n<title>GYIK - Capricare Hungary HCP<\/title>\n<meta name=\"description\" content=\"Goat milk infant formula was first used in New Zealand for over 30 years ago. Dairy Goat Co-operative the pioneer and inventor of goat milk infant formula.\" \/>\n<meta name=\"robots\" content=\"index, follow, max-snippet:-1, max-image-preview:large, max-video-preview:-1\" \/>\n<link rel=\"canonical\" href=\"https:\/\/www.capricare.hu\/hcp\/gyik\/\" \/>\n<meta property=\"og:locale\" content=\"en_US\" \/>\n<meta property=\"og:type\" content=\"article\" \/>\n<meta property=\"og:title\" content=\"GYIK - Capricare Hungary HCP\" \/>\n<meta property=\"og:description\" content=\"Goat milk infant formula was first used in New Zealand for over 30 years ago. Dairy Goat Co-operative the pioneer and inventor of goat milk infant formula.\" \/>\n<meta property=\"og:url\" content=\"https:\/\/www.capricare.hu\/hcp\/gyik\/\" \/>\n<meta property=\"og:site_name\" content=\"Capricare Hungary HCP\" \/>\n<meta property=\"article:modified_time\" content=\"2020-08-19T23:52:53+00:00\" \/>\n<meta name=\"twitter:card\" content=\"summary_large_image\" \/>\n<meta name=\"twitter:label1\" content=\"Est. reading time\" \/>\n\t<meta name=\"twitter:data1\" content=\"5 minutes\" \/>\n<script type=\"application\/ld+json\" class=\"yoast-schema-graph\">{\"@context\":\"https:\/\/schema.org\",\"@graph\":[{\"@type\":\"WebPage\",\"@id\":\"https:\/\/www.capricare.hu\/hcp\/gyik\/\",\"url\":\"https:\/\/www.capricare.hu\/hcp\/gyik\/\",\"name\":\"GYIK - Capricare Hungary HCP\",\"isPartOf\":{\"@id\":\"https:\/\/www.capricare.hu\/hcp\/#website\"},\"datePublished\":\"2019-12-20T21:25:50+00:00\",\"dateModified\":\"2020-08-19T23:52:53+00:00\",\"description\":\"Goat milk infant formula was first used in New Zealand for over 30 years ago. Dairy Goat Co-operative the pioneer and inventor of goat milk infant formula.\",\"breadcrumb\":{\"@id\":\"https:\/\/www.capricare.hu\/hcp\/gyik\/#breadcrumb\"},\"inLanguage\":\"en-NZ\",\"potentialAction\":[{\"@type\":\"ReadAction\",\"target\":[\"https:\/\/www.capricare.hu\/hcp\/gyik\/\"]}]},{\"@type\":\"BreadcrumbList\",\"@id\":\"https:\/\/www.capricare.hu\/hcp\/gyik\/#breadcrumb\",\"itemListElement\":[{\"@type\":\"ListItem\",\"position\":1,\"name\":\"Home\",\"item\":\"https:\/\/www.capricare.hu\/hcp\/\"},{\"@type\":\"ListItem\",\"position\":2,\"name\":\"GYIK\"}]},{\"@type\":\"WebSite\",\"@id\":\"https:\/\/www.capricare.hu\/hcp\/#website\",\"url\":\"https:\/\/www.capricare.hu\/hcp\/\",\"name\":\"Capricare Hungary HCP\",\"description\":\"\",\"potentialAction\":[{\"@type\":\"SearchAction\",\"target\":{\"@type\":\"EntryPoint\",\"urlTemplate\":\"https:\/\/www.capricare.hu\/hcp\/?s={search_term_string}\"},\"query-input\":\"required name=search_term_string\"}],\"inLanguage\":\"en-NZ\"}]}<\/script>\n<!-- \/ Yoast SEO plugin. -->","yoast_head_json":{"title":"GYIK - Capricare Hungary HCP","description":"Goat milk infant formula was first used in New Zealand for over 30 years ago. Dairy Goat Co-operative the pioneer and inventor of goat milk infant formula.","robots":{"index":"index","follow":"follow","max-snippet":"max-snippet:-1","max-image-preview":"max-image-preview:large","max-video-preview":"max-video-preview:-1"},"canonical":"https:\/\/www.capricare.hu\/hcp\/gyik\/","og_locale":"en_US","og_type":"article","og_title":"GYIK - Capricare Hungary HCP","og_description":"Goat milk infant formula was first used in New Zealand for over 30 years ago. Dairy Goat Co-operative the pioneer and inventor of goat milk infant formula.","og_url":"https:\/\/www.capricare.hu\/hcp\/gyik\/","og_site_name":"Capricare Hungary HCP","article_modified_time":"2020-08-19T23:52:53+00:00","twitter_card":"summary_large_image","twitter_misc":{"Est. reading time":"5 minutes"},"schema":{"@context":"https:\/\/schema.org","@graph":[{"@type":"WebPage","@id":"https:\/\/www.capricare.hu\/hcp\/gyik\/","url":"https:\/\/www.capricare.hu\/hcp\/gyik\/","name":"GYIK - Capricare Hungary HCP","isPartOf":{"@id":"https:\/\/www.capricare.hu\/hcp\/#website"},"datePublished":"2019-12-20T21:25:50+00:00","dateModified":"2020-08-19T23:52:53+00:00","description":"Goat milk infant formula was first used in New Zealand for over 30 years ago. Dairy Goat Co-operative the pioneer and inventor of goat milk infant formula.","breadcrumb":{"@id":"https:\/\/www.capricare.hu\/hcp\/gyik\/#breadcrumb"},"inLanguage":"en-NZ","potentialAction":[{"@type":"ReadAction","target":["https:\/\/www.capricare.hu\/hcp\/gyik\/"]}]},{"@type":"BreadcrumbList","@id":"https:\/\/www.capricare.hu\/hcp\/gyik\/#breadcrumb","itemListElement":[{"@type":"ListItem","position":1,"name":"Home","item":"https:\/\/www.capricare.hu\/hcp\/"},{"@type":"ListItem","position":2,"name":"GYIK"}]},{"@type":"WebSite","@id":"https:\/\/www.capricare.hu\/hcp\/#website","url":"https:\/\/www.capricare.hu\/hcp\/","name":"Capricare Hungary HCP","description":"","potentialAction":[{"@type":"SearchAction","target":{"@type":"EntryPoint","urlTemplate":"https:\/\/www.capricare.hu\/hcp\/?s={search_term_string}"},"query-input":"required name=search_term_string"}],"inLanguage":"en-NZ"}]}},"_links":{"self":[{"href":"https:\/\/www.capricare.hu\/hcp\/wp-json\/wp\/v2\/pages\/25"}],"collection":[{"href":"https:\/\/www.capricare.hu\/hcp\/wp-json\/wp\/v2\/pages"}],"about":[{"href":"https:\/\/www.capricare.hu\/hcp\/wp-json\/wp\/v2\/types\/page"}],"author":[{"embeddable":true,"href":"https:\/\/www.capricare.hu\/hcp\/wp-json\/wp\/v2\/users\/1"}],"replies":[{"embeddable":true,"href":"https:\/\/www.capricare.hu\/hcp\/wp-json\/wp\/v2\/comments?post=25"}],"version-history":[{"count":11,"href":"https:\/\/www.capricare.hu\/hcp\/wp-json\/wp\/v2\/pages\/25\/revisions"}],"predecessor-version":[{"id":816,"href":"https:\/\/www.capricare.hu\/hcp\/wp-json\/wp\/v2\/pages\/25\/revisions\/816"}],"wp:attachment":[{"href":"https:\/\/www.capricare.hu\/hcp\/wp-json\/wp\/v2\/media?parent=25"}],"curies":[{"name":"wp","href":"https:\/\/api.w.org\/{rel}","templated":true}]}}