{"id":27,"date":"2019-12-20T21:26:30","date_gmt":"2019-12-20T21:26:30","guid":{"rendered":"https:\/\/www.capricare.eu\/capricare-hu-hcp\/?page_id=27"},"modified":"2020-08-20T21:48:47","modified_gmt":"2020-08-20T21:48:47","slug":"kapcsolat","status":"publish","type":"page","link":"https:\/\/www.capricare.hu\/hcp\/kapcsolat\/","title":{"rendered":"Kapcsolat"},"content":{"rendered":"<!-- Added by Post\/Page Specific Custom Code plugin, thank you for using! -->\n<style>.cc-form {margin-top:-85px;}\r\n.partners {margin-top: 25px;}\r\n.gform_wrapper .gform_body .gform_fields .gfield .gfield_label .gfield_required::after {\r\n    content: \"(k\u00f6telez\u0151)\"!important;\r\n}\r\n.validation_error {\r\ncontent: \" (Houve um problema com o envio. Os erros s\u00e3o destacados abaixo)\"!important;\r\n}<\/style>\n[vc_row type=&#8221;full_width_content&#8221; full_screen_row_position=&#8221;middle&#8221; column_margin=&#8221;default&#8221; bg_color=&#8221;#e4f2e2&#8243; scene_position=&#8221;center&#8221; text_color=&#8221;dark&#8221; text_align=&#8221;left&#8221; id=&#8221;bread-note&#8221; overlay_strength=&#8221;0.3&#8243; shape_divider_position=&#8221;bottom&#8221; bg_image_animation=&#8221;none&#8221; shape_type=&#8221;&#8221;][vc_column column_padding=&#8221;no-extra-padding&#8221; column_padding_position=&#8221;all&#8221; background_color_opacity=&#8221;1&#8243; background_hover_color_opacity=&#8221;1&#8243; column_link_target=&#8221;_self&#8221; column_shadow=&#8221;none&#8221; column_border_radius=&#8221;none&#8221; width=&#8221;1\/1&#8243; tablet_width_inherit=&#8221;default&#8221; tablet_text_alignment=&#8221;default&#8221; phone_text_alignment=&#8221;default&#8221; overlay_strength=&#8221;0.3&#8243; column_border_width=&#8221;none&#8221; column_border_style=&#8221;solid&#8221; bg_image_animation=&#8221;none&#8221;][divider line_type=&#8221;No Line&#8221; custom_height=&#8221;20&#8243;][vc_column_text el_class=&#8221;note&#8221;]Kapcsolat[\/vc_column_text][\/vc_column][\/vc_row][vc_row type=&#8221;full_width_background&#8221; full_screen_row_position=&#8221;middle&#8221; column_margin=&#8221;default&#8221; bg_color=&#8221;#e4f2e2&#8243; scene_position=&#8221;center&#8221; text_color=&#8221;dark&#8221; text_align=&#8221;left&#8221; id=&#8221;cc-contact&#8221; overlay_strength=&#8221;0.3&#8243; shape_divider_position=&#8221;bottom&#8221; bg_image_animation=&#8221;none&#8221; shape_type=&#8221;&#8221;][vc_column column_padding=&#8221;no-extra-padding&#8221; column_padding_position=&#8221;all&#8221; background_color_opacity=&#8221;1&#8243; background_hover_color_opacity=&#8221;1&#8243; column_link_target=&#8221;_self&#8221; column_shadow=&#8221;none&#8221; column_border_radius=&#8221;none&#8221; width=&#8221;1\/3&#8243; tablet_width_inherit=&#8221;default&#8221; tablet_text_alignment=&#8221;default&#8221; phone_text_alignment=&#8221;default&#8221; overlay_strength=&#8221;0.3&#8243; column_border_width=&#8221;none&#8221; column_border_style=&#8221;solid&#8221; bg_image_animation=&#8221;none&#8221;][divider line_type=&#8221;No Line&#8221; custom_height=&#8221;130&#8243;][vc_column_text]\n<h1>K\u00e9rj\u00fck, t\u00f6ltsd ki az \u0171rlapot, \u00e9s miel\u0151bb felvessz\u00fck Veled a kapcsolatot:<\/h1>\n[\/vc_column_text][\/vc_column][vc_column column_padding=&#8221;no-extra-padding&#8221; column_padding_position=&#8221;all&#8221; background_color_opacity=&#8221;1&#8243; background_hover_color_opacity=&#8221;1&#8243; column_link_target=&#8221;_self&#8221; column_shadow=&#8221;none&#8221; column_border_radius=&#8221;none&#8221; width=&#8221;2\/3&#8243; tablet_width_inherit=&#8221;default&#8221; tablet_text_alignment=&#8221;default&#8221; phone_text_alignment=&#8221;default&#8221; overlay_strength=&#8221;0.3&#8243; column_border_width=&#8221;none&#8221; column_border_style=&#8221;solid&#8221; bg_image_animation=&#8221;none&#8221;][\/vc_column][\/vc_row][vc_row type=&#8221;full_width_background&#8221; full_screen_row_position=&#8221;middle&#8221; column_margin=&#8221;default&#8221; bg_color=&#8221;#e4f2e2&#8243; scene_position=&#8221;center&#8221; text_color=&#8221;dark&#8221; text_align=&#8221;left&#8221; class=&#8221;cc-contact&#8221; id=&#8221;cc-form&#8221; overlay_strength=&#8221;0.3&#8243; shape_divider_position=&#8221;bottom&#8221; bg_image_animation=&#8221;none&#8221; shape_type=&#8221;&#8221;][vc_column column_padding=&#8221;no-extra-padding&#8221; column_padding_position=&#8221;all&#8221; background_color_opacity=&#8221;1&#8243; background_hover_color_opacity=&#8221;1&#8243; column_link_target=&#8221;_self&#8221; column_shadow=&#8221;none&#8221; column_border_radius=&#8221;none&#8221; width=&#8221;2\/3&#8243; tablet_width_inherit=&#8221;default&#8221; tablet_text_alignment=&#8221;default&#8221; phone_text_alignment=&#8221;default&#8221; overlay_strength=&#8221;0.3&#8243; column_border_width=&#8221;none&#8221; column_border_style=&#8221;solid&#8221; bg_image_animation=&#8221;none&#8221;]\n                <div class='gf_browser_gecko gform_wrapper' id='gform_wrapper_1' ><div id='gf_1' class='gform_anchor' tabindex='-1'><\/div><form method='post' enctype='multipart\/form-data' target='gform_ajax_frame_1' id='gform_1'  action='\/hcp\/wp-json\/wp\/v2\/pages\/27#gf_1'>\n                        <div class='gform_body'><ul id='gform_fields_1' class='gform_fields top_label form_sublabel_below description_below'><li id='field_1_1'  class='gfield gfield_contains_required field_sublabel_below field_description_below gfield_visibility_visible' ><label class='gfield_label' for='input_1_1' >Ut\u00f3n\u00e9v<span class='gfield_required'>*<\/span><\/label><div class='ginput_container ginput_container_text'><input name='input_1' id='input_1_1' type='text' value='' class='large'     aria-required=\"true\" aria-invalid=\"false\" \/><\/div><\/li><li id='field_1_2'  class='gfield gfield_contains_required field_sublabel_below field_description_below gfield_visibility_visible' ><label class='gfield_label' for='input_1_2' >Vezet\u00e9kn\u00e9v<span class='gfield_required'>*<\/span><\/label><div class='ginput_container ginput_container_text'><input name='input_2' id='input_1_2' type='text' value='' class='large'     aria-required=\"true\" aria-invalid=\"false\" \/><\/div><\/li><li id='field_1_3'  class='gfield gfield_contains_required field_sublabel_below field_description_below gfield_visibility_visible' ><label class='gfield_label' for='input_1_3' >E-mail-c\u00edm<span class='gfield_required'>*<\/span><\/label><div class='ginput_container ginput_container_email'>\n                            <input name='input_3' id='input_1_3' type='text' value='' class='large'    aria-required=\"true\" aria-invalid=\"false\" \/>\n                        <\/div><\/li><li id='field_1_4'  class='gfield field_sublabel_below field_description_below gfield_visibility_visible' ><label class='gfield_label' for='input_1_4' >Telefonsz\u00e1m<\/label><div class='ginput_container ginput_container_phone'><input name='input_4' id='input_1_4' type='text' value='' class='large'    aria-invalid=\"false\"  \/><\/div><\/li><li id='field_1_5'  class='gfield gfield_contains_required field_sublabel_below field_description_below gfield_visibility_visible' ><label class='gfield_label' for='input_1_5' >\u00dczenet<span class='gfield_required'>*<\/span><\/label><div class='ginput_container ginput_container_textarea'><textarea name='input_5' id='input_1_5' class='textarea medium'     aria-required=\"true\" aria-invalid=\"false\"   rows='10' cols='50'><\/textarea><\/div><\/li><li id='field_1_6'  class='gfield field_sublabel_below field_description_below gfield_visibility_visible' ><label class='gfield_label' for='input_1_6' ><\/label><div id='input_1_6' class='ginput_container ginput_recaptcha' data-sitekey='6LeHTD0bAAAAAKhcNn62hmb__4KkJq63Chlp_MRT'  data-theme='light' data-tabindex='-1' data-size='invisible' data-badge='bottomright'><\/div><\/li>\n                            <\/ul><\/div>\n        <div class='gform_footer top_label'> <input type='submit' id='gform_submit_button_1' class='gform_button button' value='K\u00dcLD\u00c9S'  onclick='if(window[\"gf_submitting_1\"]){return false;}  window[\"gf_submitting_1\"]=true;  ' onkeypress='if( event.keyCode == 13 ){ if(window[\"gf_submitting_1\"]){return false;} window[\"gf_submitting_1\"]=true;  jQuery(\"#gform_1\").trigger(\"submit\",[true]); }' \/> <input type='hidden' name='gform_ajax' value='form_id=1&amp;title=&amp;description=&amp;tabindex=0' \/>\n            <input type='hidden' class='gform_hidden' name='is_submit_1' value='1' \/>\n            <input type='hidden' class='gform_hidden' name='gform_submit' value='1' \/>\n            \n            <input type='hidden' class='gform_hidden' name='gform_unique_id' value='' \/>\n            <input type='hidden' class='gform_hidden' name='state_1' value='WyJbXSIsIjQxN2JkNWMwZmRlODkzOGM3YzA3MWNhZjYyZTI0NjI5Il0=' \/>\n            <input type='hidden' class='gform_hidden' name='gform_target_page_number_1' id='gform_target_page_number_1' value='0' \/>\n            <input type='hidden' class='gform_hidden' name='gform_source_page_number_1' id='gform_source_page_number_1' value='1' \/>\n            <input type='hidden' name='gform_field_values' value='' \/>\n            \n        <\/div>\n                        <\/form>\n                        <\/div>\n                <iframe style='display:none;width:0px;height:0px;' src='about:blank' name='gform_ajax_frame_1' id='gform_ajax_frame_1' title='This iframe contains the logic required to handle Ajax powered Gravity Forms.'><\/iframe>\n                <script type='text\/javascript'>jQuery(document).ready(function($){gformInitSpinner( 1, 'https:\/\/www.capricare.hu\/hcp\/wp-content\/plugins\/gravityforms\/images\/spinner.gif' );jQuery('#gform_ajax_frame_1').on('load',function(){var contents = jQuery(this).contents().find('*').html();var is_postback = contents.indexOf('GF_AJAX_POSTBACK') >= 0;if(!is_postback){return;}var form_content = jQuery(this).contents().find('#gform_wrapper_1');var is_confirmation = jQuery(this).contents().find('#gform_confirmation_wrapper_1').length > 0;var is_redirect = contents.indexOf('gformRedirect(){') >= 0;var is_form = form_content.length > 0 && ! is_redirect && ! is_confirmation;var mt = parseInt(jQuery('html').css('margin-top'), 10) + parseInt(jQuery('body').css('margin-top'), 10) + 100;if(is_form){jQuery('#gform_wrapper_1').html(form_content.html());if(form_content.hasClass('gform_validation_error')){jQuery('#gform_wrapper_1').addClass('gform_validation_error');} else {jQuery('#gform_wrapper_1').removeClass('gform_validation_error');}setTimeout( function() { \/* delay the scroll by 50 milliseconds to fix a bug in chrome *\/ jQuery(document).scrollTop(jQuery('#gform_wrapper_1').offset().top - mt); }, 50 );if(window['gformInitDatepicker']) {gformInitDatepicker();}if(window['gformInitPriceFields']) {gformInitPriceFields();}var current_page = jQuery('#gform_source_page_number_1').val();gformInitSpinner( 1, 'https:\/\/www.capricare.hu\/hcp\/wp-content\/plugins\/gravityforms\/images\/spinner.gif' );jQuery(document).trigger('gform_page_loaded', [1, current_page]);window['gf_submitting_1'] = false;}else if(!is_redirect){var confirmation_content = jQuery(this).contents().find('.GF_AJAX_POSTBACK').html();if(!confirmation_content){confirmation_content = contents;}setTimeout(function(){jQuery('#gform_wrapper_1').replaceWith(confirmation_content);jQuery(document).scrollTop(jQuery('#gf_1').offset().top - mt);jQuery(document).trigger('gform_confirmation_loaded', [1]);window['gf_submitting_1'] = false;}, 50);}else{jQuery('#gform_1').append(contents);if(window['gformRedirect']) {gformRedirect();}}jQuery(document).trigger('gform_post_render', [1, current_page]);} );} );<\/script><script type='text\/javascript'> jQuery(document).bind('gform_post_render', function(event, formId, currentPage){if(formId == 1) {} } );jQuery(document).bind('gform_post_conditional_logic', function(event, formId, fields, isInit){} );<\/script><script type='text\/javascript'> jQuery(document).ready(function(){jQuery(document).trigger('gform_post_render', [1, 1]) } ); <\/script>[\/vc_column][vc_column column_padding=&#8221;no-extra-padding&#8221; column_padding_position=&#8221;all&#8221; background_color_opacity=&#8221;1&#8243; background_hover_color_opacity=&#8221;1&#8243; column_link_target=&#8221;_self&#8221; column_shadow=&#8221;none&#8221; column_border_radius=&#8221;none&#8221; el_class=&#8221;cc-form&#8221; width=&#8221;1\/3&#8243; tablet_width_inherit=&#8221;default&#8221; tablet_text_alignment=&#8221;default&#8221; phone_text_alignment=&#8221;default&#8221; overlay_strength=&#8221;0.3&#8243; column_border_width=&#8221;none&#8221; column_border_style=&#8221;solid&#8221; bg_image_animation=&#8221;none&#8221;][vc_column_text]<a href=\"https:\/\/www.dgc.co.nz\/\" target=\"_blank\" rel=\"noopener noreferrer\"><img decoding=\"async\" loading=\"lazy\" class=\"dgc-logo\" src=\"\/wp-content\/uploads\/2020\/01\/dgc.png\" alt=\"\" width=\"116\" height=\"40\" \/><\/a><br \/>\n<strong>Dairy Goat Co-operative (N.Z) Ltd<\/strong><br \/>\n18 Gallagher Drive, PO Box 1398<br \/>\nHamilton 3240, New Zealand<br \/>\nT: +64 7 839 2919<br \/>\n<a href=\"https:\/\/www.dgc.co.nz\/\" target=\"_blank\" rel=\"noopener noreferrer\">www.dgc.co.nz<\/a><\/p>\n<div class=\"partners\"><strong>Our Partners<\/strong><br \/>\n<a href=\"https:\/\/www.pediact.com\/\" target=\"_blank\" rel=\"noopener noreferrer\"><img decoding=\"async\" loading=\"lazy\" class=\"size-medium wp-image-2014 alignnone\" src=\"\/wp-content\/uploads\/2019\/11\/pediact-300x50.png\" alt=\"\" width=\"238\" height=\"40\" \/><\/a><a href=\"https:\/\/miralex.pl\/\" target=\"_blank\" rel=\"noopener noreferrer\"><img decoding=\"async\" loading=\"lazy\" class=\"size-full wp-image-2018 alignnone\" src=\"\/wp-content\/uploads\/2019\/11\/miralex.png\" alt=\"\" width=\"174\" height=\"60\" \/><\/a><a href=\"https:\/\/bebeinnova.com\/\" target=\"_blank\" rel=\"noopener noreferrer\"><img decoding=\"async\" loading=\"lazy\" class=\"size-full wp-image-2020 alignnone\" src=\"\/wp-content\/uploads\/2019\/11\/logo-web.png\" alt=\"\" width=\"140\" height=\"40\" \/><\/a><a href=\"http:\/\/www.cube-pharmaceuticals.gr\/\" target=\"_blank\" rel=\"noopener noreferrer\"><img decoding=\"async\" loading=\"lazy\" class=\"size-full wp-image-2022 alignnone\" src=\"\/wp-content\/uploads\/2019\/11\/cubelogo.png\" alt=\"\" width=\"139\" height=\"40\" \/><\/a><\/p>\n<p><a href=\"https:\/\/juniapharma.it\/\" target=\"_blank\" rel=\"noopener noreferrer\"><img decoding=\"async\" loading=\"lazy\" class=\"size-full wp-image-2022 alignnone\" src=\"\/wp-content\/uploads\/2020\/04\/junia.png\" alt=\"\" width=\"291\" height=\"40\" \/><\/a><\/p>\n<\/div>\n[\/vc_column_text][\/vc_column][\/vc_row][vc_row type=&#8221;full_width_background&#8221; full_screen_row_position=&#8221;middle&#8221; column_margin=&#8221;default&#8221; bg_color=&#8221;#e4f2e2&#8243; scene_position=&#8221;center&#8221; text_color=&#8221;dark&#8221; text_align=&#8221;left&#8221; overlay_strength=&#8221;0.3&#8243; shape_divider_position=&#8221;bottom&#8221; bg_image_animation=&#8221;none&#8221; shape_type=&#8221;&#8221;][vc_column column_padding=&#8221;no-extra-padding&#8221; column_padding_position=&#8221;all&#8221; background_color_opacity=&#8221;1&#8243; background_hover_color_opacity=&#8221;1&#8243; column_link_target=&#8221;_self&#8221; column_shadow=&#8221;none&#8221; column_border_radius=&#8221;none&#8221; width=&#8221;1\/1&#8243; tablet_width_inherit=&#8221;default&#8221; tablet_text_alignment=&#8221;default&#8221; phone_text_alignment=&#8221;default&#8221; overlay_strength=&#8221;0.3&#8243; column_border_width=&#8221;none&#8221; column_border_style=&#8221;solid&#8221; bg_image_animation=&#8221;none&#8221;][divider line_type=&#8221;No Line&#8221; custom_height=&#8221;80&#8243;][\/vc_column][\/vc_row]\n","protected":false},"excerpt":{"rendered":"<p>[vc_row type=&#8221;full_width_content&#8221; full_screen_row_position=&#8221;middle&#8221; column_margin=&#8221;default&#8221; bg_color=&#8221;#e4f2e2&#8243; scene_position=&#8221;center&#8221; text_color=&#8221;dark&#8221; text_align=&#8221;left&#8221; id=&#8221;bread-note&#8221; overlay_strength=&#8221;0.3&#8243; shape_divider_position=&#8221;bottom&#8221; bg_image_animation=&#8221;none&#8221; shape_type=&#8221;&#8221;][vc_column column_padding=&#8221;no-extra-padding&#8221; column_padding_position=&#8221;all&#8221; background_color_opacity=&#8221;1&#8243; background_hover_color_opacity=&#8221;1&#8243; column_link_target=&#8221;_self&#8221; column_shadow=&#8221;none&#8221; column_border_radius=&#8221;none&#8221; width=&#8221;1\/1&#8243; tablet_width_inherit=&#8221;default&#8221; tablet_text_alignment=&#8221;default&#8221; phone_text_alignment=&#8221;default&#8221; overlay_strength=&#8221;0.3&#8243; column_border_width=&#8221;none&#8221; column_border_style=&#8221;solid&#8221; bg_image_animation=&#8221;none&#8221;][divider line_type=&#8221;No Line&#8221;&#8230;<\/p>\n","protected":false},"author":1,"featured_media":0,"parent":0,"menu_order":0,"comment_status":"closed","ping_status":"closed","template":"","meta":[],"yoast_head":"<!-- This site is optimized with the Yoast SEO plugin v21.1 - https:\/\/yoast.com\/wordpress\/plugins\/seo\/ -->\n<title>Kapcsolat - Capricare Hungary HCP<\/title>\n<meta name=\"description\" content=\"Capricare comes from a co-operative of goat farmers called Dairy Goat Co-operative, use the form to contact us directly with any correspondence.\" \/>\n<meta name=\"robots\" content=\"index, follow, max-snippet:-1, max-image-preview:large, max-video-preview:-1\" \/>\n<link rel=\"canonical\" href=\"https:\/\/www.capricare.hu\/hcp\/kapcsolat\/\" \/>\n<meta property=\"og:locale\" content=\"en_US\" \/>\n<meta property=\"og:type\" content=\"article\" \/>\n<meta property=\"og:title\" content=\"Kapcsolat - Capricare Hungary HCP\" \/>\n<meta property=\"og:description\" content=\"Capricare comes from a co-operative of goat farmers called Dairy Goat Co-operative, use the form to contact us directly with any correspondence.\" \/>\n<meta property=\"og:url\" content=\"https:\/\/www.capricare.hu\/hcp\/kapcsolat\/\" \/>\n<meta property=\"og:site_name\" content=\"Capricare Hungary HCP\" \/>\n<meta property=\"article:modified_time\" content=\"2020-08-20T21:48:47+00:00\" \/>\n<meta name=\"twitter:card\" content=\"summary_large_image\" \/>\n<meta name=\"twitter:label1\" content=\"Est. reading time\" \/>\n\t<meta name=\"twitter:data1\" content=\"3 minutes\" \/>\n<script type=\"application\/ld+json\" class=\"yoast-schema-graph\">{\"@context\":\"https:\/\/schema.org\",\"@graph\":[{\"@type\":\"WebPage\",\"@id\":\"https:\/\/www.capricare.hu\/hcp\/kapcsolat\/\",\"url\":\"https:\/\/www.capricare.hu\/hcp\/kapcsolat\/\",\"name\":\"Kapcsolat - Capricare Hungary HCP\",\"isPartOf\":{\"@id\":\"https:\/\/www.capricare.hu\/hcp\/#website\"},\"datePublished\":\"2019-12-20T21:26:30+00:00\",\"dateModified\":\"2020-08-20T21:48:47+00:00\",\"description\":\"Capricare comes from a co-operative of goat farmers called Dairy Goat Co-operative, use the form to contact us directly with any correspondence.\",\"breadcrumb\":{\"@id\":\"https:\/\/www.capricare.hu\/hcp\/kapcsolat\/#breadcrumb\"},\"inLanguage\":\"en-NZ\",\"potentialAction\":[{\"@type\":\"ReadAction\",\"target\":[\"https:\/\/www.capricare.hu\/hcp\/kapcsolat\/\"]}]},{\"@type\":\"BreadcrumbList\",\"@id\":\"https:\/\/www.capricare.hu\/hcp\/kapcsolat\/#breadcrumb\",\"itemListElement\":[{\"@type\":\"ListItem\",\"position\":1,\"name\":\"Home\",\"item\":\"https:\/\/www.capricare.hu\/hcp\/\"},{\"@type\":\"ListItem\",\"position\":2,\"name\":\"Kapcsolat\"}]},{\"@type\":\"WebSite\",\"@id\":\"https:\/\/www.capricare.hu\/hcp\/#website\",\"url\":\"https:\/\/www.capricare.hu\/hcp\/\",\"name\":\"Capricare Hungary HCP\",\"description\":\"\",\"potentialAction\":[{\"@type\":\"SearchAction\",\"target\":{\"@type\":\"EntryPoint\",\"urlTemplate\":\"https:\/\/www.capricare.hu\/hcp\/?s={search_term_string}\"},\"query-input\":\"required name=search_term_string\"}],\"inLanguage\":\"en-NZ\"}]}<\/script>\n<!-- \/ Yoast SEO plugin. -->","yoast_head_json":{"title":"Kapcsolat - Capricare Hungary HCP","description":"Capricare comes from a co-operative of goat farmers called Dairy Goat Co-operative, use the form to contact us directly with any correspondence.","robots":{"index":"index","follow":"follow","max-snippet":"max-snippet:-1","max-image-preview":"max-image-preview:large","max-video-preview":"max-video-preview:-1"},"canonical":"https:\/\/www.capricare.hu\/hcp\/kapcsolat\/","og_locale":"en_US","og_type":"article","og_title":"Kapcsolat - Capricare Hungary HCP","og_description":"Capricare comes from a co-operative of goat farmers called Dairy Goat Co-operative, use the form to contact us directly with any correspondence.","og_url":"https:\/\/www.capricare.hu\/hcp\/kapcsolat\/","og_site_name":"Capricare Hungary HCP","article_modified_time":"2020-08-20T21:48:47+00:00","twitter_card":"summary_large_image","twitter_misc":{"Est. reading time":"3 minutes"},"schema":{"@context":"https:\/\/schema.org","@graph":[{"@type":"WebPage","@id":"https:\/\/www.capricare.hu\/hcp\/kapcsolat\/","url":"https:\/\/www.capricare.hu\/hcp\/kapcsolat\/","name":"Kapcsolat - Capricare Hungary HCP","isPartOf":{"@id":"https:\/\/www.capricare.hu\/hcp\/#website"},"datePublished":"2019-12-20T21:26:30+00:00","dateModified":"2020-08-20T21:48:47+00:00","description":"Capricare comes from a co-operative of goat farmers called Dairy Goat Co-operative, use the form to contact us directly with any correspondence.","breadcrumb":{"@id":"https:\/\/www.capricare.hu\/hcp\/kapcsolat\/#breadcrumb"},"inLanguage":"en-NZ","potentialAction":[{"@type":"ReadAction","target":["https:\/\/www.capricare.hu\/hcp\/kapcsolat\/"]}]},{"@type":"BreadcrumbList","@id":"https:\/\/www.capricare.hu\/hcp\/kapcsolat\/#breadcrumb","itemListElement":[{"@type":"ListItem","position":1,"name":"Home","item":"https:\/\/www.capricare.hu\/hcp\/"},{"@type":"ListItem","position":2,"name":"Kapcsolat"}]},{"@type":"WebSite","@id":"https:\/\/www.capricare.hu\/hcp\/#website","url":"https:\/\/www.capricare.hu\/hcp\/","name":"Capricare Hungary HCP","description":"","potentialAction":[{"@type":"SearchAction","target":{"@type":"EntryPoint","urlTemplate":"https:\/\/www.capricare.hu\/hcp\/?s={search_term_string}"},"query-input":"required name=search_term_string"}],"inLanguage":"en-NZ"}]}},"_links":{"self":[{"href":"https:\/\/www.capricare.hu\/hcp\/wp-json\/wp\/v2\/pages\/27"}],"collection":[{"href":"https:\/\/www.capricare.hu\/hcp\/wp-json\/wp\/v2\/pages"}],"about":[{"href":"https:\/\/www.capricare.hu\/hcp\/wp-json\/wp\/v2\/types\/page"}],"author":[{"embeddable":true,"href":"https:\/\/www.capricare.hu\/hcp\/wp-json\/wp\/v2\/users\/1"}],"replies":[{"embeddable":true,"href":"https:\/\/www.capricare.hu\/hcp\/wp-json\/wp\/v2\/comments?post=27"}],"version-history":[{"count":12,"href":"https:\/\/www.capricare.hu\/hcp\/wp-json\/wp\/v2\/pages\/27\/revisions"}],"predecessor-version":[{"id":884,"href":"https:\/\/www.capricare.hu\/hcp\/wp-json\/wp\/v2\/pages\/27\/revisions\/884"}],"wp:attachment":[{"href":"https:\/\/www.capricare.hu\/hcp\/wp-json\/wp\/v2\/media?parent=27"}],"curies":[{"name":"wp","href":"https:\/\/api.w.org\/{rel}","templated":true}]}}